{"id":11,"date":"2020-08-14T19:18:30","date_gmt":"2020-08-14T17:18:30","guid":{"rendered":"https:\/\/dietrichsteinfw.mayerboeck.eu\/?page_id=11"},"modified":"2025-09-06T14:02:09","modified_gmt":"2025-09-06T12:02:09","slug":"uber-uns","status":"publish","type":"page","link":"https:\/\/www.dietrichstein.at\/?page_id=11","title":{"rendered":"\u00dcber uns"},"content":{"rendered":"\n<h2 class=\"wp-block-heading\">Unser Team<\/h2>\n\n\n\n<figure class=\"wp-block-gallery has-nested-images columns-4 is-cropped wp-block-gallery-1 is-layout-flex wp-block-gallery-is-layout-flex\">\n<figure class=\"wp-block-image size-medium is-style-default\"><img loading=\"lazy\" decoding=\"async\" width=\"300\" height=\"200\" data-id=\"542\" src=\"http:\/\/192.168.150.237\/wp-content\/uploads\/IMG_7527-300x200.png\" alt=\"\" class=\"wp-image-542\" srcset=\"https:\/\/www.dietrichstein.at\/wp-content\/uploads\/IMG_7527-300x200.png 300w, https:\/\/www.dietrichstein.at\/wp-content\/uploads\/IMG_7527-1920x1280.png 1920w, https:\/\/www.dietrichstein.at\/wp-content\/uploads\/IMG_7527-768x512.png 768w, https:\/\/www.dietrichstein.at\/wp-content\/uploads\/IMG_7527-1536x1024.png 1536w, https:\/\/www.dietrichstein.at\/wp-content\/uploads\/IMG_7527-2048x1365.png 2048w\" sizes=\"auto, (max-width: 300px) 100vw, 300px\" \/><figcaption class=\"wp-element-caption\">Karl Dietrichstein jun. Gesch\u00e4ftsf\u00fchrer<\/figcaption><\/figure>\n\n\n\n<figure class=\"wp-block-image size-medium is-style-default\"><img loading=\"lazy\" decoding=\"async\" width=\"227\" height=\"227\" data-id=\"234\" src=\"http:\/\/192.168.150.237\/wp-content\/uploads\/Karl-Dietrichstein.jpg\" alt=\"\" class=\"wp-image-234\" srcset=\"https:\/\/www.dietrichstein.at\/wp-content\/uploads\/Karl-Dietrichstein.jpg 227w, https:\/\/www.dietrichstein.at\/wp-content\/uploads\/Karl-Dietrichstein-150x150.jpg 150w\" sizes=\"auto, (max-width: 227px) 100vw, 227px\" \/><figcaption class=\"wp-element-caption\">Karl Dietrichstein sen. | sen. Chef<\/figcaption><\/figure>\n\n\n\n<figure class=\"wp-block-image size-medium is-style-default\"><img loading=\"lazy\" decoding=\"async\" width=\"227\" height=\"227\" data-id=\"235\" src=\"http:\/\/192.168.150.237\/wp-content\/uploads\/Silvia-Dietrichstein.jpg\" alt=\"\" class=\"wp-image-235\" srcset=\"https:\/\/www.dietrichstein.at\/wp-content\/uploads\/Silvia-Dietrichstein.jpg 227w, https:\/\/www.dietrichstein.at\/wp-content\/uploads\/Silvia-Dietrichstein-150x150.jpg 150w\" sizes=\"auto, (max-width: 227px) 100vw, 227px\" \/><figcaption class=\"wp-element-caption\">Silvia D. Lohnverrechnung<\/figcaption><\/figure>\n\n\n\n<figure class=\"wp-block-image size-medium is-style-default\"><img loading=\"lazy\" decoding=\"async\" width=\"227\" height=\"227\" data-id=\"237\" src=\"http:\/\/192.168.150.237\/wp-content\/uploads\/Hildegard-Mayerbck.jpg\" alt=\"\" class=\"wp-image-237\" srcset=\"https:\/\/www.dietrichstein.at\/wp-content\/uploads\/Hildegard-Mayerbck.jpg 227w, https:\/\/www.dietrichstein.at\/wp-content\/uploads\/Hildegard-Mayerbck-150x150.jpg 150w\" sizes=\"auto, (max-width: 227px) 100vw, 227px\" \/><figcaption class=\"wp-element-caption\">Hildegard M. Buchhaltung<\/figcaption><\/figure>\n\n\n\n<figure class=\"wp-block-image size-full is-style-default\"><img loading=\"lazy\" decoding=\"async\" width=\"1010\" height=\"1024\" data-id=\"630\" src=\"http:\/\/192.168.150.237\/wp-content\/uploads\/822218f4-df0a-4b0d-9600-375b3bcb9351-1.jpg\" alt=\"\" class=\"wp-image-630\" srcset=\"https:\/\/www.dietrichstein.at\/wp-content\/uploads\/822218f4-df0a-4b0d-9600-375b3bcb9351-1.jpg 1010w, https:\/\/www.dietrichstein.at\/wp-content\/uploads\/822218f4-df0a-4b0d-9600-375b3bcb9351-1-296x300.jpg 296w, https:\/\/www.dietrichstein.at\/wp-content\/uploads\/822218f4-df0a-4b0d-9600-375b3bcb9351-1-768x779.jpg 768w\" sizes=\"auto, (max-width: 1010px) 100vw, 1010px\" \/><figcaption class=\"wp-element-caption\">Wolfgang Z.| Techn. Zeichner<\/figcaption><\/figure>\n\n\n\n<figure class=\"wp-block-image size-medium is-style-default\"><img loading=\"lazy\" decoding=\"async\" width=\"300\" height=\"200\" data-id=\"539\" src=\"http:\/\/192.168.150.237\/wp-content\/uploads\/IMG_7539-1-300x200.png\" alt=\"\" class=\"wp-image-539\" srcset=\"https:\/\/www.dietrichstein.at\/wp-content\/uploads\/IMG_7539-1-300x200.png 300w, https:\/\/www.dietrichstein.at\/wp-content\/uploads\/IMG_7539-1-1920x1280.png 1920w, https:\/\/www.dietrichstein.at\/wp-content\/uploads\/IMG_7539-1-768x512.png 768w, https:\/\/www.dietrichstein.at\/wp-content\/uploads\/IMG_7539-1-1536x1024.png 1536w\" sizes=\"auto, (max-width: 300px) 100vw, 300px\" \/><figcaption class=\"wp-element-caption\">Munib B.<\/figcaption><\/figure>\n\n\n\n<figure class=\"wp-block-image size-medium is-style-default\"><img loading=\"lazy\" decoding=\"async\" width=\"300\" height=\"200\" data-id=\"538\" src=\"http:\/\/192.168.150.237\/wp-content\/uploads\/IMG_7544-1-300x200.png\" alt=\"\" class=\"wp-image-538\" srcset=\"https:\/\/www.dietrichstein.at\/wp-content\/uploads\/IMG_7544-1-300x200.png 300w, https:\/\/www.dietrichstein.at\/wp-content\/uploads\/IMG_7544-1-1920x1280.png 1920w, https:\/\/www.dietrichstein.at\/wp-content\/uploads\/IMG_7544-1-768x512.png 768w\" sizes=\"auto, (max-width: 300px) 100vw, 300px\" \/><figcaption class=\"wp-element-caption\">Musa G.<\/figcaption><\/figure>\n\n\n\n<figure class=\"wp-block-image size-medium\"><img loading=\"lazy\" decoding=\"async\" width=\"300\" height=\"200\" data-id=\"534\" src=\"http:\/\/192.168.150.237\/wp-content\/uploads\/IMG_7556-300x200.png\" alt=\"\" class=\"wp-image-534\" srcset=\"https:\/\/www.dietrichstein.at\/wp-content\/uploads\/IMG_7556-300x200.png 300w, https:\/\/www.dietrichstein.at\/wp-content\/uploads\/IMG_7556-1920x1280.png 1920w, https:\/\/www.dietrichstein.at\/wp-content\/uploads\/IMG_7556-768x512.png 768w\" sizes=\"auto, (max-width: 300px) 100vw, 300px\" \/><figcaption class=\"wp-element-caption\">Gerhard D.<\/figcaption><\/figure>\n\n\n\n<figure class=\"wp-block-image size-large is-style-default\"><img loading=\"lazy\" decoding=\"async\" width=\"1920\" height=\"1280\" data-id=\"636\" src=\"http:\/\/192.168.150.237\/wp-content\/uploads\/IMG_7552-1920x1280.jpg\" alt=\"\" class=\"wp-image-636\" srcset=\"https:\/\/www.dietrichstein.at\/wp-content\/uploads\/IMG_7552-1920x1280.jpg 1920w, https:\/\/www.dietrichstein.at\/wp-content\/uploads\/IMG_7552-300x200.jpg 300w, https:\/\/www.dietrichstein.at\/wp-content\/uploads\/IMG_7552-768x512.jpg 768w, https:\/\/www.dietrichstein.at\/wp-content\/uploads\/IMG_7552-1536x1024.jpg 1536w, https:\/\/www.dietrichstein.at\/wp-content\/uploads\/IMG_7552-2048x1365.jpg 2048w\" sizes=\"auto, (max-width: 1920px) 100vw, 1920px\" \/><figcaption class=\"wp-element-caption\">Alexander E.<\/figcaption><\/figure>\n\n\n\n<figure class=\"wp-block-image size-medium is-style-default\"><img loading=\"lazy\" decoding=\"async\" width=\"300\" height=\"200\" data-id=\"533\" src=\"http:\/\/192.168.150.237\/wp-content\/uploads\/IMG_7542-300x200.png\" alt=\"\" class=\"wp-image-533\" srcset=\"https:\/\/www.dietrichstein.at\/wp-content\/uploads\/IMG_7542-300x200.png 300w, https:\/\/www.dietrichstein.at\/wp-content\/uploads\/IMG_7542-1920x1280.png 1920w, https:\/\/www.dietrichstein.at\/wp-content\/uploads\/IMG_7542-768x512.png 768w, https:\/\/www.dietrichstein.at\/wp-content\/uploads\/IMG_7542-1536x1024.png 1536w, https:\/\/www.dietrichstein.at\/wp-content\/uploads\/IMG_7542-2048x1365.png 2048w\" sizes=\"auto, (max-width: 300px) 100vw, 300px\" \/><figcaption class=\"wp-element-caption\">Pascal H.<\/figcaption><\/figure>\n<\/figure>\n\n\n\n<figure class=\"wp-block-image size-large is-style-rounded\"><img loading=\"lazy\" decoding=\"async\" width=\"1920\" height=\"1280\" src=\"http:\/\/192.168.150.237\/wp-content\/uploads\/IMG_7568-1920x1280.png\" alt=\"\" class=\"wp-image-547\" srcset=\"https:\/\/www.dietrichstein.at\/wp-content\/uploads\/IMG_7568-1920x1280.png 1920w, https:\/\/www.dietrichstein.at\/wp-content\/uploads\/IMG_7568-300x200.png 300w, https:\/\/www.dietrichstein.at\/wp-content\/uploads\/IMG_7568-768x512.png 768w, https:\/\/www.dietrichstein.at\/wp-content\/uploads\/IMG_7568-1536x1024.png 1536w\" sizes=\"auto, (max-width: 1920px) 100vw, 1920px\" \/><\/figure>\n\n\n\n<h2 class=\"wp-block-heading\">Unsere Geschichte<\/h2>\n\n\n\n<h3 class=\"wp-block-heading\">1809 <\/h3>\n\n\n\n<p>Die Baufirma wurde von Johann Dietrichstein im Jahre 1809 gegr\u00fcndet. Dieser war Maurermeister und B\u00fcrgermeister von Judenau. Um 1900 wird der Standort nach Chorherrn verlegt.&nbsp;<\/p>\n\n\n\n<h3 class=\"wp-block-heading\">1920 &#8211; 1955<\/h3>\n\n\n\n<p>Johann Dietrichstein geb. 1880 f\u00fchrte bis 1953 den v\u00e4terlichen Handwerksbetrieb weiter. <br>Am 6. Oktober 1950 kommt sein 23j\u00e4hriger Sohn Richard bei einem Motorradunfall ums Leben. <br>Am 11. Mai 1953 stirbt Johann Dietrichstein. Seine Witwe kann den Betrieb bis 31. Dezember 1955 als Witwenbetrieb weiterf\u00fchren.&nbsp;<\/p>\n\n\n\n<h3 class=\"wp-block-heading\">1955 &#8211; 1985<\/h3>\n\n\n\n<p>Karl Dietrichstein geb. 1930 \u00fcbernimmt nach Beendigung seiner Ausbildung mit 1. J\u00e4nner 1956 den Betrieb seines Onkels. Er heiratet am 19. Mai 1956 seine heutige Gattin Hildegard geb. Br\u00fcckelmayer. Der Ehe entstammen 2 Kinder: Tochter Hildegard und Sohn Karl Johann geb. 14. September 1958. <br>Am 23. August 1958 verungl\u00fcckt Vater Karl Dietrichstein mit seinem VW Pritschenwagen schwerst, er ist seither querschnittgel\u00e4hmt. <br>Im Jahre 1959 entsteht in Tulbing Katzelsdorferstra\u00dfe 41 ein neues Wohnhaus mit B\u00fcro.<\/p>\n\n\n\n<h3 class=\"wp-block-heading\">1985<\/h3>\n\n\n\n<p>Im Februar 1985 \u00fcbernimmt Sohn Karl Dietrichstein den Betrieb, er heiratet am 19. April 1985 seine jetzige Gattin Silvia.<br>Ein Sohn und eine Tochter werden geboren. 1995 wurde der adaptierte B\u00fcrotrakt bezogen, um die gewachsenen Aufgaben der Firma Dietrichstein bew\u00e4ltigen zu k\u00f6nnen.<\/p>\n\n\n\n<p class=\"has-medium-font-size\">2024<\/p>\n\n\n\n<p class=\"has-medium-font-size\">Die Firmenrechtsform wird von einem Einzelunternehmen auf eine GmbH ge\u00e4ndert.<br>Im J\u00e4nner 2024 \u00fcbernimmt Sohn Karl Dietrichstein jun. den Betrieb.<\/p>\n","protected":false},"excerpt":{"rendered":"<p>Unser Team Unsere Geschichte 1809 Die Baufirma wurde von Johann Dietrichstein im Jahre 1809 gegr\u00fcndet. Dieser war Maurermeister und B\u00fcrgermeister von Judenau. Um 1900 wird der Standort nach Chorherrn verlegt.&nbsp; 1920 &#8211; 1955 Johann Dietrichstein geb. 1880 f\u00fchrte bis 1953 den v\u00e4terlichen Handwerksbetrieb weiter. Am 6. Oktober 1950 kommt sein 23j\u00e4hriger Sohn Richard bei einem &#8230; <a title=\"\u00dcber uns\" class=\"read-more\" href=\"https:\/\/www.dietrichstein.at\/?page_id=11\" aria-label=\"Read more about \u00dcber uns\">Read more<\/a><\/p>\n","protected":false},"author":3,"featured_media":0,"parent":0,"menu_order":0,"comment_status":"closed","ping_status":"closed","template":"","meta":{"footnotes":""},"class_list":["post-11","page","type-page","status-publish"],"_links":{"self":[{"href":"https:\/\/www.dietrichstein.at\/index.php?rest_route=\/wp\/v2\/pages\/11","targetHints":{"allow":["GET"]}}],"collection":[{"href":"https:\/\/www.dietrichstein.at\/index.php?rest_route=\/wp\/v2\/pages"}],"about":[{"href":"https:\/\/www.dietrichstein.at\/index.php?rest_route=\/wp\/v2\/types\/page"}],"author":[{"embeddable":true,"href":"https:\/\/www.dietrichstein.at\/index.php?rest_route=\/wp\/v2\/users\/3"}],"replies":[{"embeddable":true,"href":"https:\/\/www.dietrichstein.at\/index.php?rest_route=%2Fwp%2Fv2%2Fcomments&post=11"}],"version-history":[{"count":31,"href":"https:\/\/www.dietrichstein.at\/index.php?rest_route=\/wp\/v2\/pages\/11\/revisions"}],"predecessor-version":[{"id":701,"href":"https:\/\/www.dietrichstein.at\/index.php?rest_route=\/wp\/v2\/pages\/11\/revisions\/701"}],"wp:attachment":[{"href":"https:\/\/www.dietrichstein.at\/index.php?rest_route=%2Fwp%2Fv2%2Fmedia&parent=11"}],"curies":[{"name":"wp","href":"https:\/\/api.w.org\/{rel}","templated":true}]}}