{"id":22,"date":"2020-08-18T12:23:28","date_gmt":"2020-08-18T10:23:28","guid":{"rendered":"https:\/\/dietrichsteinfw.mayerboeck.eu\/?page_id=22"},"modified":"2020-08-18T13:14:33","modified_gmt":"2020-08-18T11:14:33","slug":"planung","status":"publish","type":"page","link":"https:\/\/www.dietrichstein.at\/?page_id=22","title":{"rendered":"Planung"},"content":{"rendered":"\n<div class=\"wp-block-cover alignfull is-position-center-center\" style=\"background-image:url(https:\/\/dietrichsteinfw.mayerboeck.eu\/wp-content\/uploads\/Hochbau-PlanungBild.jpg);min-height:250px;aspect-ratio:unset;\"><div class=\"wp-block-cover__inner-container is-layout-flow wp-block-cover-is-layout-flow\">\n<p class=\"has-text-align-center has-large-font-size\"><\/p>\n<\/div><\/div>\n\n\n\n<h2 class=\"wp-block-heading\">Einreichplanung<\/h2>\n\n\n\n<p>Wir erstellen Ihre komplette Einreichplanung f\u00fcr Bewilligungsverfahren sowie Anzeigeverfahren. Nach Freigabe des Entwurfs startet die Einreichplanung. In dieser Planungsphase bereiten wir alle notwendigen Unterlagen f\u00fcr die beh\u00f6rdliche Genehmigung vor.<\/p>\n\n\n\n<h2 class=\"wp-block-heading\">Polierplanung (Ausf\u00fchrungsplanung)&nbsp;<\/h2>\n\n\n\n<p>Die Polierplanung bildet die Grundlage f\u00fcr die Fertigstellung Ihres Projekts. In dieser Projektphase fertigen wir f\u00fcr die vorangegangene Einreichplanung Werkpl\u00e4ne an. Genauigkeit und Vollst\u00e4ndigkeit sowie laufende Kontrollen und Anpassungen der Polierpl\u00e4ne sind dabei selbstverst\u00e4ndlich.<br><br>Auf Basis des Ausf\u00fchrungsplanes werden anschlie\u00dfend die Massen f\u00fcr den Bau ermittelt, welche f\u00fcr die Ausschreibung erforderlich sind:&nbsp;Bereits in der Vorbereitung wird bei uns auf eine effiziente Projektentwicklung geachtet, um Mehrkosten in sp\u00e4teren Planungsphasen weitgehend zu vermeiden.<\/p>\n\n\n\n<h2 class=\"wp-block-heading\">Entwurfsplanung<\/h2>\n\n\n\n<p>Ein Entwurfsplan bietet Ihnen eine individuelle Architektur ma\u00dfgeschneidert auf Ihre Anspr\u00fcche. Er zeigt die r\u00e4umlichen Ver\u00e4nderungen und die neuen Nutzungsm\u00f6glichkeiten sowie Verbesserungen der Raumqualit\u00e4t auf. Durch die Wegnahme oder das Versetzen von W\u00e4nden k\u00f6nnen R\u00e4ume vergr\u00f6\u00dfert oder deren Aufteilung optimiert werden.&nbsp;Wenn Ver\u00e4nderungen des Grundrisses oder neue Nutzungen in R\u00e4umlichkeiten durch bauliche Ma\u00dfnahmen notwendig werden, ist ein Entwurfsplan das geeignete Darstellungsmittel.<\/p>\n","protected":false},"excerpt":{"rendered":"<p>Einreichplanung Wir erstellen Ihre komplette Einreichplanung f\u00fcr Bewilligungsverfahren sowie Anzeigeverfahren. Nach Freigabe des Entwurfs startet die Einreichplanung. In dieser Planungsphase bereiten wir alle notwendigen Unterlagen f\u00fcr die beh\u00f6rdliche Genehmigung vor. Polierplanung (Ausf\u00fchrungsplanung)&nbsp; Die Polierplanung bildet die Grundlage f\u00fcr die Fertigstellung Ihres Projekts. In dieser Projektphase fertigen wir f\u00fcr die vorangegangene Einreichplanung Werkpl\u00e4ne an. Genauigkeit und &#8230; <a title=\"Planung\" class=\"read-more\" href=\"https:\/\/www.dietrichstein.at\/?page_id=22\" aria-label=\"Read more about Planung\">Read more<\/a><\/p>\n","protected":false},"author":2,"featured_media":0,"parent":10,"menu_order":0,"comment_status":"closed","ping_status":"closed","template":"","meta":{"footnotes":""},"class_list":["post-22","page","type-page","status-publish"],"_links":{"self":[{"href":"https:\/\/www.dietrichstein.at\/index.php?rest_route=\/wp\/v2\/pages\/22","targetHints":{"allow":["GET"]}}],"collection":[{"href":"https:\/\/www.dietrichstein.at\/index.php?rest_route=\/wp\/v2\/pages"}],"about":[{"href":"https:\/\/www.dietrichstein.at\/index.php?rest_route=\/wp\/v2\/types\/page"}],"author":[{"embeddable":true,"href":"https:\/\/www.dietrichstein.at\/index.php?rest_route=\/wp\/v2\/users\/2"}],"replies":[{"embeddable":true,"href":"https:\/\/www.dietrichstein.at\/index.php?rest_route=%2Fwp%2Fv2%2Fcomments&post=22"}],"version-history":[{"count":6,"href":"https:\/\/www.dietrichstein.at\/index.php?rest_route=\/wp\/v2\/pages\/22\/revisions"}],"predecessor-version":[{"id":85,"href":"https:\/\/www.dietrichstein.at\/index.php?rest_route=\/wp\/v2\/pages\/22\/revisions\/85"}],"up":[{"embeddable":true,"href":"https:\/\/www.dietrichstein.at\/index.php?rest_route=\/wp\/v2\/pages\/10"}],"wp:attachment":[{"href":"https:\/\/www.dietrichstein.at\/index.php?rest_route=%2Fwp%2Fv2%2Fmedia&parent=22"}],"curies":[{"name":"wp","href":"https:\/\/api.w.org\/{rel}","templated":true}]}}