{"id":25,"date":"2020-08-18T12:30:07","date_gmt":"2020-08-18T10:30:07","guid":{"rendered":"https:\/\/dietrichsteinfw.mayerboeck.eu\/?page_id=25"},"modified":"2020-08-27T12:07:07","modified_gmt":"2020-08-27T10:07:07","slug":"beratung","status":"publish","type":"page","link":"https:\/\/www.dietrichstein.at\/?page_id=25","title":{"rendered":"Beratung"},"content":{"rendered":"\n<div class=\"wp-block-image\"><figure class=\"alignright size-large is-resized\"><img loading=\"lazy\" decoding=\"async\" src=\"https:\/\/dietrichsteinfw.mayerboeck.eu\/wp-content\/uploads\/Hochbau-Beratung.jpg\" alt=\"\" class=\"wp-image-109\" width=\"350\" height=\"305\" srcset=\"https:\/\/www.dietrichstein.at\/wp-content\/uploads\/Hochbau-Beratung.jpg 750w, https:\/\/www.dietrichstein.at\/wp-content\/uploads\/Hochbau-Beratung-300x262.jpg 300w\" sizes=\"auto, (max-width: 350px) 100vw, 350px\" \/><\/figure><\/div>\n\n\n\n<p><strong>Wir beraten Sie vom Entwurf bis zur Fertigstellung<\/strong>.<\/p>\n\n\n\n<p>Bereits bei der Planung gehen wir auf Ihre individuellen W\u00fcnsche ein und setzen diese um. Alle Entw\u00fcrfe, Einreichpl\u00e4ne, Ausf\u00fchrungspl\u00e4ne etc. zeichnen wir f\u00fcr Sie mit modernster Software.<br><br>Termintreue, Beh\u00f6rdenabkl\u00e4rung und Kompetenz in Baufragen und Qualit\u00e4t zeichnen uns und unsere Mitarbeiter aus, die durch Erfahrung und Know-How unseren Kunden die Sicherheit geben, den richtigen Partner gew\u00e4hlt zu haben. Wir sind sehr um unsere Kunden bem\u00fcht und w\u00fcrden uns freuen, auch Sie bei einem pers\u00f6nlichem Gespr\u00e4ch begr\u00fc\u00dfen zu d\u00fcrfen.<\/p>\n","protected":false},"excerpt":{"rendered":"<p>Wir beraten Sie vom Entwurf bis zur Fertigstellung. Bereits bei der Planung gehen wir auf Ihre individuellen W\u00fcnsche ein und setzen diese um. Alle Entw\u00fcrfe, Einreichpl\u00e4ne, Ausf\u00fchrungspl\u00e4ne etc. zeichnen wir f\u00fcr Sie mit modernster Software. Termintreue, Beh\u00f6rdenabkl\u00e4rung und Kompetenz in Baufragen und Qualit\u00e4t zeichnen uns und unsere Mitarbeiter aus, die durch Erfahrung und Know-How unseren &#8230; <a title=\"Beratung\" class=\"read-more\" href=\"https:\/\/www.dietrichstein.at\/?page_id=25\" aria-label=\"Read more about Beratung\">Read more<\/a><\/p>\n","protected":false},"author":2,"featured_media":0,"parent":10,"menu_order":1,"comment_status":"closed","ping_status":"closed","template":"","meta":{"footnotes":""},"class_list":["post-25","page","type-page","status-publish"],"_links":{"self":[{"href":"https:\/\/www.dietrichstein.at\/index.php?rest_route=\/wp\/v2\/pages\/25","targetHints":{"allow":["GET"]}}],"collection":[{"href":"https:\/\/www.dietrichstein.at\/index.php?rest_route=\/wp\/v2\/pages"}],"about":[{"href":"https:\/\/www.dietrichstein.at\/index.php?rest_route=\/wp\/v2\/types\/page"}],"author":[{"embeddable":true,"href":"https:\/\/www.dietrichstein.at\/index.php?rest_route=\/wp\/v2\/users\/2"}],"replies":[{"embeddable":true,"href":"https:\/\/www.dietrichstein.at\/index.php?rest_route=%2Fwp%2Fv2%2Fcomments&post=25"}],"version-history":[{"count":7,"href":"https:\/\/www.dietrichstein.at\/index.php?rest_route=\/wp\/v2\/pages\/25\/revisions"}],"predecessor-version":[{"id":271,"href":"https:\/\/www.dietrichstein.at\/index.php?rest_route=\/wp\/v2\/pages\/25\/revisions\/271"}],"up":[{"embeddable":true,"href":"https:\/\/www.dietrichstein.at\/index.php?rest_route=\/wp\/v2\/pages\/10"}],"wp:attachment":[{"href":"https:\/\/www.dietrichstein.at\/index.php?rest_route=%2Fwp%2Fv2%2Fmedia&parent=25"}],"curies":[{"name":"wp","href":"https:\/\/api.w.org\/{rel}","templated":true}]}}