{"id":27,"date":"2020-08-18T12:30:45","date_gmt":"2020-08-18T10:30:45","guid":{"rendered":"https:\/\/dietrichsteinfw.mayerboeck.eu\/?page_id=27"},"modified":"2021-07-24T13:37:08","modified_gmt":"2021-07-24T11:37:08","slug":"ausfuhrung","status":"publish","type":"page","link":"https:\/\/www.dietrichstein.at\/?page_id=27","title":{"rendered":"Ausf\u00fchrung"},"content":{"rendered":"\n<div class=\"wp-block-cover alignwide\" style=\"min-height:250px;aspect-ratio:unset;\"><img loading=\"lazy\" decoding=\"async\" width=\"1920\" height=\"1280\" class=\"wp-block-cover__image-background wp-image-229\" alt=\"\" src=\"https:\/\/dietrichsteinfw.mayerboeck.eu\/wp-content\/uploads\/josue-isai-ramos-figueroa-Pj4je7OjrME-unsplash.jpg\" style=\"object-position:49% 45%\" data-object-fit=\"cover\" data-object-position=\"49% 45%\" srcset=\"https:\/\/www.dietrichstein.at\/wp-content\/uploads\/josue-isai-ramos-figueroa-Pj4je7OjrME-unsplash.jpg 1920w, https:\/\/www.dietrichstein.at\/wp-content\/uploads\/josue-isai-ramos-figueroa-Pj4je7OjrME-unsplash-300x200.jpg 300w, https:\/\/www.dietrichstein.at\/wp-content\/uploads\/josue-isai-ramos-figueroa-Pj4je7OjrME-unsplash-768x512.jpg 768w, https:\/\/www.dietrichstein.at\/wp-content\/uploads\/josue-isai-ramos-figueroa-Pj4je7OjrME-unsplash-1536x1024.jpg 1536w\" sizes=\"auto, (max-width: 1920px) 100vw, 1920px\" \/><div class=\"wp-block-cover__inner-container is-layout-flow wp-block-cover-is-layout-flow\">\n<h2 class=\"has-text-align-left wp-block-heading\"><strong>Unser Angebot<\/strong><\/h2>\n\n\n\n<p><\/p>\n<\/div><\/div>\n\n\n\n<ul class=\"wp-block-list\"><li>Abbrucharbeiten und Abtransport zur firmeneigenen Recyclinganlage<\/li><li>Roden, Baugrube und Sicherungen<\/li><li>Beton- und Stahlbetonarbeiten<\/li><li>Mauerarbeiten<\/li><li>Versetzarbeiten<\/li><li>Verputzarbeiten<\/li><li>Pflasterungen<\/li><li>Estricharbeiten<\/li><li>Abdichtungen bei Betonfl\u00e4chen und W\u00e4nden<\/li><li>Au\u00dfenanlagen<\/li><li>Besondere Instandsetzungsarbeiten<\/li><li>Schlitze, Durchbr\u00fcche, S\u00e4gen und Bohren<\/li><li>Rauch-, Abgas- und L\u00fcftungsf\u00e4nge<\/li><li>Trockenbauarbeiten<\/li><li>Fassade\/ W\u00e4rmed\u00e4mmverbundsysteme<\/li><\/ul>\n","protected":false},"excerpt":{"rendered":"<p>Abbrucharbeiten und Abtransport zur firmeneigenen Recyclinganlage Roden, Baugrube und Sicherungen Beton- und Stahlbetonarbeiten Mauerarbeiten Versetzarbeiten Verputzarbeiten Pflasterungen Estricharbeiten Abdichtungen bei Betonfl\u00e4chen und W\u00e4nden Au\u00dfenanlagen Besondere Instandsetzungsarbeiten Schlitze, Durchbr\u00fcche, S\u00e4gen und Bohren Rauch-, Abgas- und L\u00fcftungsf\u00e4nge Trockenbauarbeiten Fassade\/ W\u00e4rmed\u00e4mmverbundsysteme<\/p>\n","protected":false},"author":2,"featured_media":0,"parent":10,"menu_order":2,"comment_status":"closed","ping_status":"closed","template":"","meta":{"footnotes":""},"class_list":["post-27","page","type-page","status-publish"],"_links":{"self":[{"href":"https:\/\/www.dietrichstein.at\/index.php?rest_route=\/wp\/v2\/pages\/27","targetHints":{"allow":["GET"]}}],"collection":[{"href":"https:\/\/www.dietrichstein.at\/index.php?rest_route=\/wp\/v2\/pages"}],"about":[{"href":"https:\/\/www.dietrichstein.at\/index.php?rest_route=\/wp\/v2\/types\/page"}],"author":[{"embeddable":true,"href":"https:\/\/www.dietrichstein.at\/index.php?rest_route=\/wp\/v2\/users\/2"}],"replies":[{"embeddable":true,"href":"https:\/\/www.dietrichstein.at\/index.php?rest_route=%2Fwp%2Fv2%2Fcomments&post=27"}],"version-history":[{"count":9,"href":"https:\/\/www.dietrichstein.at\/index.php?rest_route=\/wp\/v2\/pages\/27\/revisions"}],"predecessor-version":[{"id":495,"href":"https:\/\/www.dietrichstein.at\/index.php?rest_route=\/wp\/v2\/pages\/27\/revisions\/495"}],"up":[{"embeddable":true,"href":"https:\/\/www.dietrichstein.at\/index.php?rest_route=\/wp\/v2\/pages\/10"}],"wp:attachment":[{"href":"https:\/\/www.dietrichstein.at\/index.php?rest_route=%2Fwp%2Fv2%2Fmedia&parent=27"}],"curies":[{"name":"wp","href":"https:\/\/api.w.org\/{rel}","templated":true}]}}