{"id":3,"date":"2020-08-11T11:52:14","date_gmt":"2020-08-11T09:52:14","guid":{"rendered":"http:\/\/192.168.150.237\/?page_id=3"},"modified":"2021-07-24T14:19:02","modified_gmt":"2021-07-24T12:19:02","slug":"impressum","status":"publish","type":"page","link":"https:\/\/www.dietrichstein.at\/?page_id=3","title":{"rendered":"Impressum"},"content":{"rendered":"\n<p><strong>Karl&nbsp;Dietrichstein jun.<\/strong><br>Baumeister<\/p>\n\n\n\n<p>Katzelsdorferstra\u00dfe 41<br>3434 Tulbing<br>\u00d6sterreich<\/p>\n\n\n\n<p>Telefon:&nbsp;<a href=\"tel:004322732264\">02273 2264<\/a><br>Fax: 02273 2264-19<br>E-Mail:&nbsp;<a href=\"mailto:office@192.168.150.237\">office@192.168.150.237<\/a><\/p>\n\n\n\n<div class=\"wp-block-columns is-layout-flex wp-container-core-columns-is-layout-9d6595d7 wp-block-columns-is-layout-flex\">\n<div class=\"wp-block-column is-layout-flow wp-block-column-is-layout-flow\" style=\"flex-basis:100%\">\n<ul class=\"wp-block-social-links is-layout-flex wp-block-social-links-is-layout-flex\"><li class=\"wp-social-link wp-social-link-chain  wp-block-social-link\"><a href=\"https:\/\/firmen.wko.at\/karl-dietrichstein-baumeisterei\/nieder%C3%B6sterreich\/?firmaid=c2ea5105-c953-46d0-ba48-57fb7aac29f1\" class=\"wp-block-social-link-anchor\"><svg width=\"24\" height=\"24\" viewBox=\"0 0 24 24\" version=\"1.1\" xmlns=\"http:\/\/www.w3.org\/2000\/svg\" aria-hidden=\"true\" focusable=\"false\"><path d=\"M15.6,7.2H14v1.5h1.6c2,0,3.7,1.7,3.7,3.7s-1.7,3.7-3.7,3.7H14v1.5h1.6c2.8,0,5.2-2.3,5.2-5.2,0-2.9-2.3-5.2-5.2-5.2zM4.7,12.4c0-2,1.7-3.7,3.7-3.7H10V7.2H8.4c-2.9,0-5.2,2.3-5.2,5.2,0,2.9,2.3,5.2,5.2,5.2H10v-1.5H8.4c-2,0-3.7-1.7-3.7-3.7zm4.6.9h5.3v-1.5H9.3v1.5z\"><\/path><\/svg><span class=\"wp-block-social-link-label screen-reader-text\">Link<\/span><\/a><\/li><\/ul>\n\n\n\n<p>WKO<\/p>\n<\/div>\n<\/div>\n\n\n\n<h2 class=\"wp-block-heading\">Website-Erstellung<\/h2>\n\n\n\n<p>Mag. Lisa Hadinger, BSc \u2022 <a href=\"https:\/\/www.lisahadinger.at\" target=\"_blank\" rel=\"noreferrer noopener\">lisahadinger.at<\/a><br><\/p>\n\n\n\n<h2 class=\"wp-block-heading\">Datenschutzerkl\u00e4rung&nbsp;<\/h2>\n\n\n\n<p>Wir halten uns strikt an die Regeln der Datenschutzgesetze. Personenbezogene Daten werden auf dieser Webseite nur im technisch notwendigen Umfang erhoben. In keinem Fall werden die erhobenen Daten verkauft oder aus anderen Gr\u00fcnden an Dritte weitergegeben. Die nachfolgende Erkl\u00e4rung gibt Ihnen einen \u00dcberblick dar\u00fcber, wie wir diesen Schutz gew\u00e4hrleisten und welche Art von Daten zu welchem Zweck erhoben werden.<\/p>\n\n\n\n<h3 class=\"wp-block-heading\">Datenverarbeitung auf dieser Internetseite\/ Google Analytics<\/h3>\n\n\n\n<p>Diese Website benutzt Google Analytics, einen Webanalysedienst der Google Inc. (\u201eGoogle\u201c). Google Analytics verwendet sog. \u201eCookies\u201c, Textdateien, die auf Ihrem Computer gespeichert werden und die eine Analyse der Benutzung der Website durch Sie erm\u00f6glichen. Die durch den Cookie erzeugten Informationen \u00fcber Ihre Benutzung dieser Website (einschlie\u00dflich Ihrer IP-Adresse) wird an einen Server von Google in den USA \u00fcbertragen und dort gespeichert. Google wird diese Informationen benutzen, um Ihre Nutzung der Website auszuwerten, um Reports \u00fcber die Websiteaktivit\u00e4ten f\u00fcr die Websitebetreiber zusammenzustellen und um weitere mit der Websitenutzung und der Internetnutzung verbundene Dienstleistungen zu erbringen. Auch wird Google diese Informationen gegebenenfalls an Dritte \u00fcbertragen, sofern dies gesetzlich vorgeschrieben oder soweit Dritte diese Daten im Auftrag von Google verarbeiten. Google wird in keinem Fall Ihre IP-Adresse mit anderen Daten von Google in Verbindung bringen. Sie k\u00f6nnen die Installation der Cookies durch eine entsprechende Einstellung Ihrer Browser Software verhindern; wir weisen Sie jedoch darauf hin, dass Sie in diesem Fall gegebenenfalls nicht s\u00e4mtliche Funktionen dieser Website vollumf\u00e4nglich nutzen k\u00f6nnen. Durch die Nutzung dieser Website erkl\u00e4ren Sie sich mit der Bearbeitung der \u00fcber Sie erhobenen Daten durch Google in der zuvor beschriebenen Art und Weise und zu dem zuvor benannten Zweck einverstanden.<br>dietrichstein.at erhebt und speichert automatisch in ihren Server Log Files Informationen, die Ihr Browser an uns \u00fcbermittelt. Dies sind:<\/p>\n\n\n\n<ul class=\"wp-block-list\"><li>Browsertyp\/ -version<\/li><li>verwendetes Betriebssystem<\/li><li>Referrer URL (die zuvor besuchte Seite)<\/li><li>Hostname des zugreifenden Rechners (IP Adresse)<\/li><li>Uhrzeit der Serveranfrage<\/li><\/ul>\n\n\n\n<p>Diese Daten sind f\u00fcr dietrichstein.at nicht bestimmten Personen zuordbar. Eine Zusammenf\u00fchrung dieser Daten mit anderen Datenquellen und eine Weitergabe an Dritte wird nicht vorgenommen, die Daten werden zudem nach einer statistischen Auswertung gel\u00f6scht.<\/p>\n\n\n\n<h3 class=\"wp-block-heading\">Kontaktdaten<\/h3>\n\n\n\n<p>Personen- und\/oder firmenbezogene Daten, die mir per Kontaktformular oder sonstige Art elektronisch zugesendet werden (z.B. E-Mail-Adressen Name, Telefonnummer etc.), dienen ausschlie\u00dflich zur Korrespondenz und werden selbstverst\u00e4ndlich nicht an Dritte weitergegeben.&nbsp;<\/p>\n\n\n\n<h3 class=\"wp-block-heading\">Weitergabe von personenbezogenen Daten im Rahmen der Angebotserstellung<\/h3>\n\n\n\n<p>Im Rahmen der Kalkulation zur Angebotserstellung werden personenbezogene Daten wie Name und Anschrift des Auftraggebers sowie die Anschrift des Ortes der Leistungserbringung wie z.B. Baustelle, Lieferort an Subunternehmer (Dienstleister \/ Professionisten) zum Zweck der Angebotslegung f\u00fcr Leistungen, die&nbsp;Firma Baumeister Karl Dietrichstein nicht selbst erbringt, weitergegeben.<\/p>\n\n\n\n<h3 class=\"wp-block-heading\">Weitergabe von personenbezogenen Daten im Rahmen der Auftragsabwicklung (Auftragserf\u00fcllung)<\/h3>\n\n\n\n<p>Im Rahmen der Auftragsabwicklung und -erf\u00fcllung werden personenbezogene Daten wie Name und Anschrift des Auftraggebers sowie die Anschrift des Ortes der Leistungserbringung wie z.B. Baustelle, Lieferort, Telefonnummer und Routeninformationen an Dienstleister zum Zweck der Auftragserf\u00fcllung (Bau, Transport, Baustoffe) weitergegeben.<\/p>\n\n\n\n<h3 class=\"wp-block-heading\">E-Mail<\/h3>\n\n\n\n<p>Kommunikation via E-Mail&nbsp;kann Sicherheitsl\u00fccken aufweisen. Beispielsweise k\u00f6nnen E-Mails auf ihrem Weg von versierten Internet-Nutzern aufgehalten und eingesehen werden. Sollten wir eine E-Mail von Ihnen erhalten, werden wir davon ausgehen, dass wir zu einer Beantwortung per E-Mail berechtigt sind.&nbsp;<\/p>\n\n\n\n<h3 class=\"wp-block-heading\">Bewerbungen<\/h3>\n\n\n\n<p>In Verbindung mit einer Bewerbung erhalten wir personenbezogene Daten (z.B. Lebenslauf, Kontaktdaten, Fotos, etc.). Wir k\u00f6nnen diese Daten innerhalb der Firma Baumeister Karl Dietrichstein zum Zweck der Entscheidung \u00fcber eine Besch\u00e4ftigung oder der Beantwortung der Anfrage verwenden. Sofern Sie sich nicht ausdr\u00fccklich dagegen aussprechen, werden wir diese personenbezogenen Daten f\u00fcr eine eventuell sp\u00e4tere Ber\u00fccksichtigung f\u00fcr maximal drei Jahre nach dem letzten Kontakt in Evidenz halten, soweit nicht eine l\u00e4ngere Aufbewahrung aus anderen Gr\u00fcnden rechtlich zul\u00e4ssig ist. F\u00fcr Bewerbungen per E-Mail ist ausschlie\u00dflich die E-Mail-Adresse <a href=\"mailto:office@192.168.150.237\">office@192.168.150.237<\/a> zu verwenden.<\/p>\n\n\n\n<h3 class=\"wp-block-heading\">Auskunftsrecht<\/h3>\n\n\n\n<p>Sie haben das Recht auf Auskunft \u00fcber die bez\u00fcglich Ihrer Person gespeicherten Daten, deren Herkunft und Empf\u00e4nger sowie den Zweck der Speicherung. Auskunft \u00fcber die gespeicherten Daten geben wir bei Bedarf jederzeit gerne.&nbsp;<\/p>\n\n\n\n<h3 class=\"wp-block-heading\">Weitere Informationen<\/h3>\n\n\n\n<p>Ihr Vertrauen ist uns wichtig. Daher m\u00f6chten wir Ihnen jederzeit Rede und Antwort bez\u00fcglich der Verarbeitung Ihrer personenbezogenen Daten stehen. Wenn Sie Fragen haben, die Ihnen diese Datenschutzerkl\u00e4rung nicht beantworten konnte oder wenn Sie zu einem Punkt vertiefte Informationen w\u00fcnschen, wenden Sie sich bitte jederzeit an uns.&nbsp;<\/p>\n\n\n\n<h3 class=\"wp-block-heading\">Einwilligung<\/h3>\n\n\n\n<p>Mit der Nutzung meiner Internetseiten willigen Sie in die beschriebene Speicherung und Verwendung Ihrer Daten ein. Durch die Eingabe Ihrer pers\u00f6nlichen Daten erkl\u00e4ren Sie Ihre Einwilligung in die beschriebene Verarbeitung der Daten und deren Verwendung.&nbsp;<\/p>\n\n\n\n<h3 class=\"wp-block-heading\">Ihre Rechte<\/h3>\n\n\n\n<p>Ihnen stehen grunds\u00e4tzlich die Rechte auf Auskunft, Berichtigung, L\u00f6schung, Einschr\u00e4nkung, Daten\u00fcbertragbarkeit, Widerruf und Widerspruch zu. Sollten Sie eine Anpassung oder L\u00f6schung Ihrer personenbezogenen Daten w\u00fcnschen, bitten wir Sie um Bekanntgabe an&nbsp;<a href=\"mailto:office@192.168.150.237\">office@192.168.150.237<\/a> . Wenn Sie glauben, dass unsere Verarbeitung Ihrer Daten gegen das Datenschutzrecht verst\u00f6\u00dft oder Ihre datenschutzrechtlichen Anspr\u00fcche sonst in einer Weise verletzt worden sind, k\u00f6nnen Sie sich bei der Aufsichtsbeh\u00f6rde beschweren. In \u00d6sterreich ist dies die Datenschutzbeh\u00f6rde.<\/p>\n\n\n\n<h3 class=\"wp-block-heading\">Datensicherheit<\/h3>\n\n\n\n<p>Firma Baumeister Karl Dietrichstein nutzt eine Vielzahl von Datensicherheitsma\u00dfnahmen, um die Vertraulichkeit und Integrit\u00e4t Ihrer personenbezogenen Informationen zu gew\u00e4hrleisten. Aufgrund der Beschaffenheit des Internets m\u00f6chten wir Sie aber darauf hinweisen, dass die Daten\u00fcbertragung im Internet (z.B. bei der Kommunikation per E-Mail) Sicherheitsl\u00fccken aufweisen kann und ein l\u00fcckenloser Schutz von Daten vor dem Zugriff durch Dritte nicht m\u00f6glich ist.<\/p>\n\n\n\n<h3 class=\"wp-block-heading\">Aktualit\u00e4t dieser Datenschutz-Erkl\u00e4rung<\/h3>\n\n\n\n<p>Diese Datenschutz-Erkl\u00e4rung ist aktuell g\u00fcltig und datiert vom 22.05.2018<\/p>\n","protected":false},"excerpt":{"rendered":"<p>Karl&nbsp;Dietrichstein jun.Baumeister Katzelsdorferstra\u00dfe 413434 Tulbing\u00d6sterreich Telefon:&nbsp;02273 2264Fax: 02273 2264-19E-Mail:&nbsp;office@192.168.150.237 WKO Website-Erstellung Mag. Lisa Hadinger, BSc \u2022 lisahadinger.at Datenschutzerkl\u00e4rung&nbsp; Wir halten uns strikt an die Regeln der Datenschutzgesetze. Personenbezogene Daten werden auf dieser Webseite nur im technisch notwendigen Umfang erhoben. In keinem Fall werden die erhobenen Daten verkauft oder aus anderen Gr\u00fcnden an Dritte weitergegeben. Die &#8230; <a title=\"Impressum\" class=\"read-more\" href=\"https:\/\/www.dietrichstein.at\/?page_id=3\" aria-label=\"Read more about Impressum\">Read more<\/a><\/p>\n","protected":false},"author":1,"featured_media":0,"parent":0,"menu_order":0,"comment_status":"closed","ping_status":"closed","template":"","meta":{"footnotes":""},"class_list":["post-3","page","type-page","status-publish"],"_links":{"self":[{"href":"https:\/\/www.dietrichstein.at\/index.php?rest_route=\/wp\/v2\/pages\/3","targetHints":{"allow":["GET"]}}],"collection":[{"href":"https:\/\/www.dietrichstein.at\/index.php?rest_route=\/wp\/v2\/pages"}],"about":[{"href":"https:\/\/www.dietrichstein.at\/index.php?rest_route=\/wp\/v2\/types\/page"}],"author":[{"embeddable":true,"href":"https:\/\/www.dietrichstein.at\/index.php?rest_route=\/wp\/v2\/users\/1"}],"replies":[{"embeddable":true,"href":"https:\/\/www.dietrichstein.at\/index.php?rest_route=%2Fwp%2Fv2%2Fcomments&post=3"}],"version-history":[{"count":13,"href":"https:\/\/www.dietrichstein.at\/index.php?rest_route=\/wp\/v2\/pages\/3\/revisions"}],"predecessor-version":[{"id":500,"href":"https:\/\/www.dietrichstein.at\/index.php?rest_route=\/wp\/v2\/pages\/3\/revisions\/500"}],"wp:attachment":[{"href":"https:\/\/www.dietrichstein.at\/index.php?rest_route=%2Fwp%2Fv2%2Fmedia&parent=3"}],"curies":[{"name":"wp","href":"https:\/\/api.w.org\/{rel}","templated":true}]}}