{"id":38,"date":"2020-08-18T12:41:37","date_gmt":"2020-08-18T10:41:37","guid":{"rendered":"https:\/\/dietrichsteinfw.mayerboeck.eu\/?page_id=38"},"modified":"2021-07-12T09:28:38","modified_gmt":"2021-07-12T07:28:38","slug":"energieausweis","status":"publish","type":"page","link":"https:\/\/www.dietrichstein.at\/?page_id=38","title":{"rendered":"Energieausweis"},"content":{"rendered":"\n<h2 class=\"wp-block-heading\">Erstellung eines Energieausweises<\/h2>\n\n\n\n<p>Der Energieausweis zeigt den Energiebedarf einer Immobilie an. Seit 2008 muss gem\u00e4\u00df OIB Richtlinie 6 ein Energieausweis f\u00fcr ein Geb\u00e4ude erstellt werden, wenn es (um-)gebaut, verkauft oder vermietet wird oder ein \u00f6ffentliches Geb\u00e4ude ist.\u00a0<\/p>\n\n\n\n<p><\/p>\n\n\n\n<h2 class=\"wp-block-heading\">Wer braucht einen Energieausweis?<\/h2>\n\n\n\n<p>Genau wie bei einem Auto oder einem Elektroger\u00e4t der Hersteller den Verbrauch angeben muss, um den K\u00e4ufer zu informieren, muss auch der Verk\u00e4ufer, Vermieter oder Bauherr eines Geb\u00e4udes angeben k\u00f6nnen, welcher Energiebedarf zu erwarten ist. Informationen dazu liefert der Energieausweis.<\/p>\n\n\n\n<p>Wer ein \u00f6ffentliches Geb\u00e4ude mit mehr als 250 m<sup>2<\/sup>&nbsp;Bruttogeschossfl\u00e4che hat, muss einen Energieausweis haben. Auch in Immobilienanzeigen m\u00fcssen die Werte aus dem Energieausweis angegeben werden. K\u00e4ufer k\u00f6nnen so Geb\u00e4ude und ihren Heizbedarf vergleichen.<\/p>\n\n\n\n<p>Zus\u00e4tzlich enth\u00e4lt der Energieausweis Hinweise, an welchen Stellen beim Geb\u00e4ude Energiesparma\u00dfnahmen durchgef\u00fchrt werden k\u00f6nnen (z.B. Fenstertausch, D\u00e4mmung etc.) und liefert damit die Grundlage f\u00fcr Sanierungen.<\/p>\n\n\n\n<div class=\"wp-block-image\"><figure class=\"aligncenter size-large\"><img loading=\"lazy\" decoding=\"async\" width=\"750\" height=\"428\" src=\"https:\/\/dietrichsteinfw.mayerboeck.eu\/wp-content\/uploads\/Hochbau-Energieausweis.jpg\" alt=\"\" class=\"wp-image-118\" srcset=\"https:\/\/www.dietrichstein.at\/wp-content\/uploads\/Hochbau-Energieausweis.jpg 750w, https:\/\/www.dietrichstein.at\/wp-content\/uploads\/Hochbau-Energieausweis-300x171.jpg 300w\" sizes=\"auto, (max-width: 750px) 100vw, 750px\" \/><\/figure><\/div>\n","protected":false},"excerpt":{"rendered":"<p>Erstellung eines Energieausweises Der Energieausweis zeigt den Energiebedarf einer Immobilie an. Seit 2008 muss gem\u00e4\u00df OIB Richtlinie 6 ein Energieausweis f\u00fcr ein Geb\u00e4ude erstellt werden, wenn es (um-)gebaut, verkauft oder vermietet wird oder ein \u00f6ffentliches Geb\u00e4ude ist.\u00a0 Wer braucht einen Energieausweis? Genau wie bei einem Auto oder einem Elektroger\u00e4t der Hersteller den Verbrauch angeben muss, &#8230; <a title=\"Energieausweis\" class=\"read-more\" href=\"https:\/\/www.dietrichstein.at\/?page_id=38\" aria-label=\"Read more about Energieausweis\">Read more<\/a><\/p>\n","protected":false},"author":2,"featured_media":0,"parent":10,"menu_order":4,"comment_status":"closed","ping_status":"closed","template":"","meta":{"footnotes":""},"class_list":["post-38","page","type-page","status-publish"],"_links":{"self":[{"href":"https:\/\/www.dietrichstein.at\/index.php?rest_route=\/wp\/v2\/pages\/38","targetHints":{"allow":["GET"]}}],"collection":[{"href":"https:\/\/www.dietrichstein.at\/index.php?rest_route=\/wp\/v2\/pages"}],"about":[{"href":"https:\/\/www.dietrichstein.at\/index.php?rest_route=\/wp\/v2\/types\/page"}],"author":[{"embeddable":true,"href":"https:\/\/www.dietrichstein.at\/index.php?rest_route=\/wp\/v2\/users\/2"}],"replies":[{"embeddable":true,"href":"https:\/\/www.dietrichstein.at\/index.php?rest_route=%2Fwp%2Fv2%2Fcomments&post=38"}],"version-history":[{"count":5,"href":"https:\/\/www.dietrichstein.at\/index.php?rest_route=\/wp\/v2\/pages\/38\/revisions"}],"predecessor-version":[{"id":300,"href":"https:\/\/www.dietrichstein.at\/index.php?rest_route=\/wp\/v2\/pages\/38\/revisions\/300"}],"up":[{"embeddable":true,"href":"https:\/\/www.dietrichstein.at\/index.php?rest_route=\/wp\/v2\/pages\/10"}],"wp:attachment":[{"href":"https:\/\/www.dietrichstein.at\/index.php?rest_route=%2Fwp%2Fv2%2Fmedia&parent=38"}],"curies":[{"name":"wp","href":"https:\/\/api.w.org\/{rel}","templated":true}]}}