{"id":399,"date":"2021-07-24T10:48:21","date_gmt":"2021-07-24T08:48:21","guid":{"rendered":"http:\/\/192.168.150.237\/?page_id=399"},"modified":"2021-07-24T17:36:26","modified_gmt":"2021-07-24T15:36:26","slug":"sanierungsarbeiten-figl-warte","status":"publish","type":"page","link":"https:\/\/www.dietrichstein.at\/?page_id=399","title":{"rendered":"Sanierungsarbeiten Figl Warte"},"content":{"rendered":"\n<figure class=\"wp-block-gallery columns-3 is-cropped wp-block-gallery-1 is-layout-flex wp-block-gallery-is-layout-flex\"><ul class=\"blocks-gallery-grid\"><li class=\"blocks-gallery-item\"><figure><img loading=\"lazy\" decoding=\"async\" width=\"1440\" height=\"1920\" src=\"http:\/\/192.168.150.237\/wp-content\/uploads\/IMG_9471-1440x1920.jpeg\" alt=\"\" data-id=\"404\" data-link=\"http:\/\/192.168.150.237\/?attachment_id=404#main\" class=\"wp-image-404\" srcset=\"https:\/\/www.dietrichstein.at\/wp-content\/uploads\/IMG_9471-1440x1920.jpeg 1440w, https:\/\/www.dietrichstein.at\/wp-content\/uploads\/IMG_9471-225x300.jpeg 225w, https:\/\/www.dietrichstein.at\/wp-content\/uploads\/IMG_9471-768x1024.jpeg 768w, https:\/\/www.dietrichstein.at\/wp-content\/uploads\/IMG_9471-1152x1536.jpeg 1152w, https:\/\/www.dietrichstein.at\/wp-content\/uploads\/IMG_9471-1536x2048.jpeg 1536w, https:\/\/www.dietrichstein.at\/wp-content\/uploads\/IMG_9471-scaled.jpeg 1920w\" sizes=\"auto, (max-width: 1440px) 100vw, 1440px\" \/><\/figure><\/li><li class=\"blocks-gallery-item\"><figure><img loading=\"lazy\" decoding=\"async\" width=\"1920\" height=\"1440\" src=\"http:\/\/192.168.150.237\/wp-content\/uploads\/IMG_9452-1920x1440.jpeg\" alt=\"\" data-id=\"407\" data-link=\"http:\/\/192.168.150.237\/?attachment_id=407#main\" class=\"wp-image-407\" srcset=\"https:\/\/www.dietrichstein.at\/wp-content\/uploads\/IMG_9452-1920x1440.jpeg 1920w, https:\/\/www.dietrichstein.at\/wp-content\/uploads\/IMG_9452-300x225.jpeg 300w, https:\/\/www.dietrichstein.at\/wp-content\/uploads\/IMG_9452-768x576.jpeg 768w, https:\/\/www.dietrichstein.at\/wp-content\/uploads\/IMG_9452-1536x1152.jpeg 1536w, https:\/\/www.dietrichstein.at\/wp-content\/uploads\/IMG_9452-2048x1536.jpeg 2048w\" sizes=\"auto, (max-width: 1920px) 100vw, 1920px\" \/><\/figure><\/li><li class=\"blocks-gallery-item\"><figure><img loading=\"lazy\" decoding=\"async\" width=\"1440\" height=\"1920\" src=\"http:\/\/192.168.150.237\/wp-content\/uploads\/IMG_9489-1440x1920.jpg\" alt=\"\" data-id=\"405\" data-link=\"http:\/\/192.168.150.237\/?attachment_id=405#main\" class=\"wp-image-405\" srcset=\"https:\/\/www.dietrichstein.at\/wp-content\/uploads\/IMG_9489-1440x1920.jpg 1440w, https:\/\/www.dietrichstein.at\/wp-content\/uploads\/IMG_9489-225x300.jpg 225w, https:\/\/www.dietrichstein.at\/wp-content\/uploads\/IMG_9489-768x1024.jpg 768w, https:\/\/www.dietrichstein.at\/wp-content\/uploads\/IMG_9489-1152x1536.jpg 1152w, https:\/\/www.dietrichstein.at\/wp-content\/uploads\/IMG_9489-1536x2048.jpg 1536w, https:\/\/www.dietrichstein.at\/wp-content\/uploads\/IMG_9489-scaled.jpg 1920w\" sizes=\"auto, (max-width: 1440px) 100vw, 1440px\" \/><\/figure><\/li><li class=\"blocks-gallery-item\"><figure><img loading=\"lazy\" decoding=\"async\" width=\"1920\" height=\"1440\" src=\"http:\/\/192.168.150.237\/wp-content\/uploads\/IMG_9440-1920x1440.jpeg\" alt=\"\" data-id=\"406\" data-link=\"http:\/\/192.168.150.237\/?attachment_id=406#main\" class=\"wp-image-406\" srcset=\"https:\/\/www.dietrichstein.at\/wp-content\/uploads\/IMG_9440-1920x1440.jpeg 1920w, https:\/\/www.dietrichstein.at\/wp-content\/uploads\/IMG_9440-300x225.jpeg 300w, https:\/\/www.dietrichstein.at\/wp-content\/uploads\/IMG_9440-768x576.jpeg 768w, https:\/\/www.dietrichstein.at\/wp-content\/uploads\/IMG_9440-1536x1152.jpeg 1536w, https:\/\/www.dietrichstein.at\/wp-content\/uploads\/IMG_9440-2048x1536.jpeg 2048w\" sizes=\"auto, (max-width: 1920px) 100vw, 1920px\" \/><\/figure><\/li><li class=\"blocks-gallery-item\"><figure><img loading=\"lazy\" decoding=\"async\" width=\"1440\" height=\"1920\" src=\"http:\/\/192.168.150.237\/wp-content\/uploads\/IMG_9462-1440x1920.jpg\" alt=\"\" data-id=\"409\" data-link=\"http:\/\/192.168.150.237\/?attachment_id=409#main\" class=\"wp-image-409\" srcset=\"https:\/\/www.dietrichstein.at\/wp-content\/uploads\/IMG_9462-1440x1920.jpg 1440w, https:\/\/www.dietrichstein.at\/wp-content\/uploads\/IMG_9462-225x300.jpg 225w, https:\/\/www.dietrichstein.at\/wp-content\/uploads\/IMG_9462-768x1024.jpg 768w, https:\/\/www.dietrichstein.at\/wp-content\/uploads\/IMG_9462-1152x1536.jpg 1152w, https:\/\/www.dietrichstein.at\/wp-content\/uploads\/IMG_9462-1536x2048.jpg 1536w, https:\/\/www.dietrichstein.at\/wp-content\/uploads\/IMG_9462-scaled.jpg 1920w\" sizes=\"auto, (max-width: 1440px) 100vw, 1440px\" \/><\/figure><\/li><li class=\"blocks-gallery-item\"><figure><img loading=\"lazy\" decoding=\"async\" width=\"1440\" height=\"1920\" src=\"http:\/\/192.168.150.237\/wp-content\/uploads\/IMG_9472-1440x1920.jpg\" alt=\"\" data-id=\"408\" data-link=\"http:\/\/192.168.150.237\/?attachment_id=408#main\" class=\"wp-image-408\" srcset=\"https:\/\/www.dietrichstein.at\/wp-content\/uploads\/IMG_9472-1440x1920.jpg 1440w, https:\/\/www.dietrichstein.at\/wp-content\/uploads\/IMG_9472-225x300.jpg 225w, https:\/\/www.dietrichstein.at\/wp-content\/uploads\/IMG_9472-768x1024.jpg 768w, https:\/\/www.dietrichstein.at\/wp-content\/uploads\/IMG_9472-1152x1536.jpg 1152w, https:\/\/www.dietrichstein.at\/wp-content\/uploads\/IMG_9472-1536x2048.jpg 1536w, https:\/\/www.dietrichstein.at\/wp-content\/uploads\/IMG_9472-scaled.jpg 1920w\" sizes=\"auto, (max-width: 1440px) 100vw, 1440px\" \/><\/figure><\/li><li class=\"blocks-gallery-item\"><figure><img loading=\"lazy\" decoding=\"async\" width=\"1200\" height=\"1600\" src=\"http:\/\/192.168.150.237\/wp-content\/uploads\/95148e6f-a9b8-4eab-bc37-d3b55890176f.jpeg\" alt=\"\" data-id=\"410\" data-link=\"http:\/\/192.168.150.237\/?attachment_id=410#main\" class=\"wp-image-410\" srcset=\"https:\/\/www.dietrichstein.at\/wp-content\/uploads\/95148e6f-a9b8-4eab-bc37-d3b55890176f.jpeg 1200w, https:\/\/www.dietrichstein.at\/wp-content\/uploads\/95148e6f-a9b8-4eab-bc37-d3b55890176f-225x300.jpeg 225w, https:\/\/www.dietrichstein.at\/wp-content\/uploads\/95148e6f-a9b8-4eab-bc37-d3b55890176f-768x1024.jpeg 768w, https:\/\/www.dietrichstein.at\/wp-content\/uploads\/95148e6f-a9b8-4eab-bc37-d3b55890176f-1152x1536.jpeg 1152w\" sizes=\"auto, (max-width: 1200px) 100vw, 1200px\" \/><\/figure><\/li><li class=\"blocks-gallery-item\"><figure><img loading=\"lazy\" decoding=\"async\" width=\"1200\" height=\"1600\" src=\"http:\/\/192.168.150.237\/wp-content\/uploads\/1d334abe-aa52-4e30-a1f0-d91aaec39182.jpeg\" alt=\"\" data-id=\"411\" data-full-url=\"http:\/\/192.168.150.237\/wp-content\/uploads\/1d334abe-aa52-4e30-a1f0-d91aaec39182.jpeg\" data-link=\"http:\/\/192.168.150.237\/?attachment_id=411#main\" class=\"wp-image-411\" srcset=\"https:\/\/www.dietrichstein.at\/wp-content\/uploads\/1d334abe-aa52-4e30-a1f0-d91aaec39182.jpeg 1200w, https:\/\/www.dietrichstein.at\/wp-content\/uploads\/1d334abe-aa52-4e30-a1f0-d91aaec39182-225x300.jpeg 225w, https:\/\/www.dietrichstein.at\/wp-content\/uploads\/1d334abe-aa52-4e30-a1f0-d91aaec39182-768x1024.jpeg 768w, https:\/\/www.dietrichstein.at\/wp-content\/uploads\/1d334abe-aa52-4e30-a1f0-d91aaec39182-1152x1536.jpeg 1152w\" sizes=\"auto, (max-width: 1200px) 100vw, 1200px\" \/><\/figure><\/li><\/ul><\/figure>\n\n\n\n<h2 class=\"has-text-align-left wp-block-heading\"> Durch die Unterst\u00fctzung der Drehleiter der Feuerwehr Mauerbach k\u00f6nnten wir die abgeplatzten Stellen ordnungsgem\u00e4\u00df sanieren! <\/h2>\n\n\n\n<div class=\"wp-block-media-text alignwide is-stacked-on-mobile\"><figure class=\"wp-block-media-text__media\"><\/figure><div class=\"wp-block-media-text__content\">\n<p class=\"has-large-font-size\"><\/p>\n<\/div><\/div>\n","protected":false},"excerpt":{"rendered":"<p>Durch die Unterst\u00fctzung der Drehleiter der Feuerwehr Mauerbach k\u00f6nnten wir die abgeplatzten Stellen ordnungsgem\u00e4\u00df sanieren!<\/p>\n","protected":false},"author":3,"featured_media":0,"parent":0,"menu_order":0,"comment_status":"closed","ping_status":"closed","template":"","meta":{"footnotes":""},"class_list":["post-399","page","type-page","status-publish"],"_links":{"self":[{"href":"https:\/\/www.dietrichstein.at\/index.php?rest_route=\/wp\/v2\/pages\/399","targetHints":{"allow":["GET"]}}],"collection":[{"href":"https:\/\/www.dietrichstein.at\/index.php?rest_route=\/wp\/v2\/pages"}],"about":[{"href":"https:\/\/www.dietrichstein.at\/index.php?rest_route=\/wp\/v2\/types\/page"}],"author":[{"embeddable":true,"href":"https:\/\/www.dietrichstein.at\/index.php?rest_route=\/wp\/v2\/users\/3"}],"replies":[{"embeddable":true,"href":"https:\/\/www.dietrichstein.at\/index.php?rest_route=%2Fwp%2Fv2%2Fcomments&post=399"}],"version-history":[{"count":7,"href":"https:\/\/www.dietrichstein.at\/index.php?rest_route=\/wp\/v2\/pages\/399\/revisions"}],"predecessor-version":[{"id":501,"href":"https:\/\/www.dietrichstein.at\/index.php?rest_route=\/wp\/v2\/pages\/399\/revisions\/501"}],"wp:attachment":[{"href":"https:\/\/www.dietrichstein.at\/index.php?rest_route=%2Fwp%2Fv2%2Fmedia&parent=399"}],"curies":[{"name":"wp","href":"https:\/\/api.w.org\/{rel}","templated":true}]}}