{"id":41,"date":"2020-08-18T12:42:51","date_gmt":"2020-08-18T10:42:51","guid":{"rendered":"https:\/\/dietrichsteinfw.mayerboeck.eu\/?page_id=41"},"modified":"2020-08-19T15:22:22","modified_gmt":"2020-08-19T13:22:22","slug":"baufuhrung","status":"publish","type":"page","link":"https:\/\/www.dietrichstein.at\/?page_id=41","title":{"rendered":"Bauf\u00fchrung"},"content":{"rendered":"\n<h2 class=\"wp-block-heading\">Bauf\u00fchrerbekanntgabe<\/h2>\n\n\n\n<p>Der Bauherr hat der Baubeh\u00f6rde vor Beginn der Arbeiten den Bauf\u00fchrer schriftlich bekannt zu geben und dieser hat die bei der Beh\u00f6rde vorliegenden Einreichpl\u00e4ne sp\u00e4testens drei Tage vor Baubeginn als Bauf\u00fchrer zu unterfertigen. Der Bauf\u00fchrer ist f\u00fcr die Bauausf\u00fchrung sowie f\u00fcr die Einhaltung der bewilligten Pl\u00e4ne und gesetzlichen Vorschriften verantwortlich.<\/p>\n\n\n\n<p>Der Bauf\u00fchrer muss f\u00fcr die Berufsaus\u00fcbung bzw. zur gewerbsm\u00e4\u00dfigen Aus\u00fcbung dieser T\u00e4tigkeit berechtigt sein (z.B. Baumeister, Bauunternehmen, f\u00fcr spezielle Bauf\u00fchrungen z.B. auch Zimmermeister, Schlosser, usw.) und darf mit Pr\u00fcfingenieur nicht ident sein. Der Wechsel des Bauf\u00fchrers ist der Baubeh\u00f6rde anzuzeigen<\/p>\n\n\n\n<h2 class=\"wp-block-heading\">Baubeginnanzeige<\/h2>\n\n\n\n<p>Die Baubeginnanzeige ist vom Bauf\u00fchrer an die Baubeh\u00f6rde unter Angabe des Datums des Baubeginns zu \u00fcbersenden. Eine Kopie diese Schreibens ist auch an das Arbeitsinspektorat zu \u00fcbersenden<\/p>\n\n\n\n<p>Die Beendigung der Bauausf\u00fchrung ist der Baubeh\u00f6rde anzuzeigen und es ist um die Erteilung der Ben\u00fctzungsbewilligung anzusuchen. Der Bauherr hat gleichzeitig mit der Fertigstellungsanzeige bei der Baubeh\u00f6rde erster Instanz schriftlich um die Erteilung der Ben\u00fctzungsbewilligung anzusuchen.<\/p>\n\n\n\n<h2 class=\"wp-block-heading\">Ben\u00fctzungsbewilligung<\/h2>\n\n\n\n<p>Objekte, f\u00fcr die ein Baubewilligung vorliegt, d\u00fcrfen erst ab Erteilung der Ben\u00fctzungsbewilligung genutzt werden. Durch die Erteilung eines Ben\u00fctzungsbewilligung wird seitens der Beh\u00f6rde festgestellt, dass das Bauvorhaben plan- und gesetzeskonform sowie entsprechend den erteilten Bewilligungen und Auflagen ausgef\u00fchrt worden ist. (Kollaudierung).<\/p>\n\n\n\n<p>Wurde in der Baubewilligung von der Verpflichtung zur Einholung einer Ben\u00fctzungsbewilligung abgesehen, ist der Beh\u00f6rde die Vollendung der Bauf\u00fchrung durch eine Fertigstellungsanzeige anzuzeigen. Der Fertigstellungsanzeige sind \u00fcblicherweise anzuschlie\u00dfen:<\/p>\n\n\n\n<ol class=\"wp-block-list\"><li>Bei einem Zu- oder Umbau eines Geb\u00e4udes ein Lageplan mit der Bescheinigung des Bauf\u00fchrers oder der Eintragung der Vermessungsergebnisse \u00fcber die lagerichtige Ausf\u00fchrung des Bauvorhabens (zweifach)<\/li><li>Bei anzeigepflichtigen Abweichungen ein Bestandsplan (zweifach)<\/li><li>Eine Bescheinigung des Bauf\u00fchrers \u00fcber die bewilligungsgem\u00e4\u00dfe Ausf\u00fchrung des Bauvorhabens&nbsp;<\/li><li>Die im Bewilligungsbescheid vorgeschriebenen positive Befunde und Bescheinigungen wie u.a.<\/li><li>Schornsteinbefund (Rohr- und Baubefund)<\/li><li>Rauchfangbefund (Roh- u. Baubefund)&nbsp;<\/li><li>Kanalbefund (Abwasserleitungsbefund)&nbsp;<\/li><li>Wasserleitungsbefund&nbsp;&nbsp;<\/li><li>Gasinstallation (Sicherheitsattest)&nbsp;<\/li><li>Elektroinstallation (Sicherheitsattest) etc.<\/li><\/ol>\n\n\n\n<p>Wird keine Bescheinigung des Bauf\u00fchrers \u00fcber die bewilligungsgem\u00e4\u00dfe Ausf\u00fchrung des Bauvorhabens vorgelegt, w\u00e4re die Baubeh\u00f6rde gezwungen eine \u00dcberpr\u00fcfung des Bauvorhabens durchzuf\u00fchren.<\/p>\n\n\n\n<p class=\"has-small-font-size\">Quelle: <a href=\"https:\/\/www.wohnnet.at\/\" target=\"_blank\" rel=\"noreferrer noopener\">wohnnet.at<\/a><\/p>\n","protected":false},"excerpt":{"rendered":"<p>Bauf\u00fchrerbekanntgabe Der Bauherr hat der Baubeh\u00f6rde vor Beginn der Arbeiten den Bauf\u00fchrer schriftlich bekannt zu geben und dieser hat die bei der Beh\u00f6rde vorliegenden Einreichpl\u00e4ne sp\u00e4testens drei Tage vor Baubeginn als Bauf\u00fchrer zu unterfertigen. Der Bauf\u00fchrer ist f\u00fcr die Bauausf\u00fchrung sowie f\u00fcr die Einhaltung der bewilligten Pl\u00e4ne und gesetzlichen Vorschriften verantwortlich. Der Bauf\u00fchrer muss f\u00fcr &#8230; <a title=\"Bauf\u00fchrung\" class=\"read-more\" href=\"https:\/\/www.dietrichstein.at\/?page_id=41\" aria-label=\"Read more about Bauf\u00fchrung\">Read more<\/a><\/p>\n","protected":false},"author":2,"featured_media":0,"parent":10,"menu_order":5,"comment_status":"closed","ping_status":"closed","template":"","meta":{"footnotes":""},"class_list":["post-41","page","type-page","status-publish"],"_links":{"self":[{"href":"https:\/\/www.dietrichstein.at\/index.php?rest_route=\/wp\/v2\/pages\/41","targetHints":{"allow":["GET"]}}],"collection":[{"href":"https:\/\/www.dietrichstein.at\/index.php?rest_route=\/wp\/v2\/pages"}],"about":[{"href":"https:\/\/www.dietrichstein.at\/index.php?rest_route=\/wp\/v2\/types\/page"}],"author":[{"embeddable":true,"href":"https:\/\/www.dietrichstein.at\/index.php?rest_route=\/wp\/v2\/users\/2"}],"replies":[{"embeddable":true,"href":"https:\/\/www.dietrichstein.at\/index.php?rest_route=%2Fwp%2Fv2%2Fcomments&post=41"}],"version-history":[{"count":5,"href":"https:\/\/www.dietrichstein.at\/index.php?rest_route=\/wp\/v2\/pages\/41\/revisions"}],"predecessor-version":[{"id":212,"href":"https:\/\/www.dietrichstein.at\/index.php?rest_route=\/wp\/v2\/pages\/41\/revisions\/212"}],"up":[{"embeddable":true,"href":"https:\/\/www.dietrichstein.at\/index.php?rest_route=\/wp\/v2\/pages\/10"}],"wp:attachment":[{"href":"https:\/\/www.dietrichstein.at\/index.php?rest_route=%2Fwp%2Fv2%2Fmedia&parent=41"}],"curies":[{"name":"wp","href":"https:\/\/api.w.org\/{rel}","templated":true}]}}