{"id":48,"date":"2020-08-18T12:52:55","date_gmt":"2020-08-18T10:52:55","guid":{"rendered":"https:\/\/dietrichsteinfw.mayerboeck.eu\/?page_id=48"},"modified":"2024-07-12T12:09:00","modified_gmt":"2024-07-12T10:09:00","slug":"winkelstutzmauer","status":"publish","type":"page","link":"https:\/\/www.dietrichstein.at\/?page_id=48","title":{"rendered":"Winkelst\u00fctzmauer"},"content":{"rendered":"\n<p>Eine Winkelst\u00fctzwand (auch Winkelst\u00fctzmauer) ist ein Bauwerk zur St\u00fctzung und Sicherung von Gel\u00e4ndespr\u00fcngen, die nicht mit einer B\u00f6schung gesichert werden k\u00f6nnen.<\/p>\n\n\n\n<figure class=\"wp-block-gallery has-nested-images columns-default is-cropped wp-block-gallery-1 is-layout-flex wp-block-gallery-is-layout-flex\">\n<figure class=\"wp-block-image size-large is-style-default\"><img loading=\"lazy\" decoding=\"async\" width=\"1440\" height=\"1920\" data-id=\"668\" src=\"http:\/\/192.168.150.237\/wp-content\/uploads\/IMG_5522-1440x1920.jpg\" alt=\"\" class=\"wp-image-668\" srcset=\"https:\/\/www.dietrichstein.at\/wp-content\/uploads\/IMG_5522-1440x1920.jpg 1440w, https:\/\/www.dietrichstein.at\/wp-content\/uploads\/IMG_5522-225x300.jpg 225w, https:\/\/www.dietrichstein.at\/wp-content\/uploads\/IMG_5522-768x1024.jpg 768w, https:\/\/www.dietrichstein.at\/wp-content\/uploads\/IMG_5522-1152x1536.jpg 1152w, https:\/\/www.dietrichstein.at\/wp-content\/uploads\/IMG_5522-1536x2048.jpg 1536w, https:\/\/www.dietrichstein.at\/wp-content\/uploads\/IMG_5522-scaled.jpg 1920w\" sizes=\"auto, (max-width: 1440px) 100vw, 1440px\" \/><\/figure>\n\n\n\n<figure class=\"wp-block-image size-large is-style-default\"><img loading=\"lazy\" decoding=\"async\" width=\"1920\" height=\"1440\" data-id=\"670\" src=\"http:\/\/192.168.150.237\/wp-content\/uploads\/IMG_5523-1920x1440.jpg\" alt=\"\" class=\"wp-image-670\" srcset=\"https:\/\/www.dietrichstein.at\/wp-content\/uploads\/IMG_5523-1920x1440.jpg 1920w, https:\/\/www.dietrichstein.at\/wp-content\/uploads\/IMG_5523-300x225.jpg 300w, https:\/\/www.dietrichstein.at\/wp-content\/uploads\/IMG_5523-768x576.jpg 768w, https:\/\/www.dietrichstein.at\/wp-content\/uploads\/IMG_5523-1536x1152.jpg 1536w, https:\/\/www.dietrichstein.at\/wp-content\/uploads\/IMG_5523-2048x1536.jpg 2048w\" sizes=\"auto, (max-width: 1920px) 100vw, 1920px\" \/><\/figure>\n\n\n\n<figure class=\"wp-block-image size-large is-style-default\"><img loading=\"lazy\" decoding=\"async\" width=\"1920\" height=\"1440\" data-id=\"669\" src=\"http:\/\/192.168.150.237\/wp-content\/uploads\/IMG_5524-1920x1440.jpg\" alt=\"\" class=\"wp-image-669\" srcset=\"https:\/\/www.dietrichstein.at\/wp-content\/uploads\/IMG_5524-1920x1440.jpg 1920w, https:\/\/www.dietrichstein.at\/wp-content\/uploads\/IMG_5524-300x225.jpg 300w, https:\/\/www.dietrichstein.at\/wp-content\/uploads\/IMG_5524-768x576.jpg 768w, https:\/\/www.dietrichstein.at\/wp-content\/uploads\/IMG_5524-1536x1152.jpg 1536w, https:\/\/www.dietrichstein.at\/wp-content\/uploads\/IMG_5524-2048x1536.jpg 2048w\" sizes=\"auto, (max-width: 1920px) 100vw, 1920px\" \/><\/figure>\n<\/figure>\n\n\n\n<figure class=\"wp-block-gallery has-nested-images columns-2 is-cropped wp-block-gallery-2 is-layout-flex wp-block-gallery-is-layout-flex\">\n<figure class=\"wp-block-image size-full is-style-default\"><img loading=\"lazy\" decoding=\"async\" width=\"750\" height=\"1000\" data-id=\"58\" src=\"http:\/\/192.168.150.237\/wp-content\/uploads\/Winkelsttzmauer1.jpg\" alt=\"\" class=\"wp-image-58\" srcset=\"https:\/\/www.dietrichstein.at\/wp-content\/uploads\/Winkelsttzmauer1.jpg 750w, https:\/\/www.dietrichstein.at\/wp-content\/uploads\/Winkelsttzmauer1-225x300.jpg 225w\" sizes=\"auto, (max-width: 750px) 100vw, 750px\" \/><\/figure>\n\n\n\n<figure class=\"wp-block-image size-full is-style-default\"><img loading=\"lazy\" decoding=\"async\" width=\"563\" height=\"750\" data-id=\"59\" src=\"http:\/\/192.168.150.237\/wp-content\/uploads\/Winkelsttzmauer2.jpg\" alt=\"\" class=\"wp-image-59\" srcset=\"https:\/\/www.dietrichstein.at\/wp-content\/uploads\/Winkelsttzmauer2.jpg 563w, https:\/\/www.dietrichstein.at\/wp-content\/uploads\/Winkelsttzmauer2-225x300.jpg 225w\" sizes=\"auto, (max-width: 563px) 100vw, 563px\" \/><\/figure>\n\n\n\n<figure class=\"wp-block-image size-full is-style-default\"><img loading=\"lazy\" decoding=\"async\" width=\"750\" height=\"502\" data-id=\"60\" src=\"http:\/\/192.168.150.237\/wp-content\/uploads\/Winkelsttzmauer3.jpg\" alt=\"\" class=\"wp-image-60\" srcset=\"https:\/\/www.dietrichstein.at\/wp-content\/uploads\/Winkelsttzmauer3.jpg 750w, https:\/\/www.dietrichstein.at\/wp-content\/uploads\/Winkelsttzmauer3-300x201.jpg 300w\" sizes=\"auto, (max-width: 750px) 100vw, 750px\" \/><\/figure>\n\n\n\n<figure class=\"wp-block-image size-full is-style-default\"><img loading=\"lazy\" decoding=\"async\" width=\"750\" height=\"563\" data-id=\"61\" src=\"http:\/\/192.168.150.237\/wp-content\/uploads\/Winkelsttzmauer4.jpg\" alt=\"\" class=\"wp-image-61\" srcset=\"https:\/\/www.dietrichstein.at\/wp-content\/uploads\/Winkelsttzmauer4.jpg 750w, https:\/\/www.dietrichstein.at\/wp-content\/uploads\/Winkelsttzmauer4-300x225.jpg 300w\" sizes=\"auto, (max-width: 750px) 100vw, 750px\" \/><\/figure>\n<figcaption class=\"blocks-gallery-caption wp-element-caption\">Winkelst\u00fctzmauer &#8211; Friedhof Tulbing<\/figcaption><\/figure>\n","protected":false},"excerpt":{"rendered":"<p>Eine Winkelst\u00fctzwand (auch Winkelst\u00fctzmauer) ist ein Bauwerk zur St\u00fctzung und Sicherung von Gel\u00e4ndespr\u00fcngen, die nicht mit einer B\u00f6schung gesichert werden k\u00f6nnen.<\/p>\n","protected":false},"author":2,"featured_media":0,"parent":46,"menu_order":0,"comment_status":"closed","ping_status":"closed","template":"","meta":{"footnotes":""},"class_list":["post-48","page","type-page","status-publish"],"_links":{"self":[{"href":"https:\/\/www.dietrichstein.at\/index.php?rest_route=\/wp\/v2\/pages\/48","targetHints":{"allow":["GET"]}}],"collection":[{"href":"https:\/\/www.dietrichstein.at\/index.php?rest_route=\/wp\/v2\/pages"}],"about":[{"href":"https:\/\/www.dietrichstein.at\/index.php?rest_route=\/wp\/v2\/types\/page"}],"author":[{"embeddable":true,"href":"https:\/\/www.dietrichstein.at\/index.php?rest_route=\/wp\/v2\/users\/2"}],"replies":[{"embeddable":true,"href":"https:\/\/www.dietrichstein.at\/index.php?rest_route=%2Fwp%2Fv2%2Fcomments&post=48"}],"version-history":[{"count":5,"href":"https:\/\/www.dietrichstein.at\/index.php?rest_route=\/wp\/v2\/pages\/48\/revisions"}],"predecessor-version":[{"id":672,"href":"https:\/\/www.dietrichstein.at\/index.php?rest_route=\/wp\/v2\/pages\/48\/revisions\/672"}],"up":[{"embeddable":true,"href":"https:\/\/www.dietrichstein.at\/index.php?rest_route=\/wp\/v2\/pages\/46"}],"wp:attachment":[{"href":"https:\/\/www.dietrichstein.at\/index.php?rest_route=%2Fwp%2Fv2%2Fmedia&parent=48"}],"curies":[{"name":"wp","href":"https:\/\/api.w.org\/{rel}","templated":true}]}}